{"id":115,"date":"2021-11-29T20:36:33","date_gmt":"2021-11-29T20:36:33","guid":{"rendered":"http:\/\/beinginstitute.com.tr\/?page_id=115"},"modified":"2023-10-04T14:14:52","modified_gmt":"2023-10-04T11:14:52","slug":"being-institute","status":"publish","type":"page","link":"https:\/\/beinginstitute.com.tr\/index.php\/being-institute\/","title":{"rendered":"Hakk\u0131m\u0131zda"},"content":{"rendered":"\t\t<div data-elementor-type=\"wp-page\" data-elementor-id=\"115\" class=\"elementor elementor-115\">\n\t\t\t\t\t\t<section class=\"elementor-section elementor-top-section elementor-element elementor-element-797531d4 elementor-section-height-min-height elementor-section-full_width elementor-section-items-stretch elementor-reverse-mobile elementor-section-height-default\" data-id=\"797531d4\" data-element_type=\"section\" data-e-type=\"section\" data-settings=\"{&quot;background_background&quot;:&quot;slideshow&quot;,&quot;background_slideshow_gallery&quot;:[{&quot;id&quot;:130,&quot;url&quot;:&quot;https:\\\/\\\/beinginstitute.com.tr\\\/wp-content\\\/uploads\\\/2021\\\/11\\\/PHOTO-2021-10-31-23-34-26-1.jpg&quot;},{&quot;id&quot;:112,&quot;url&quot;:&quot;https:\\\/\\\/beinginstitute.com.tr\\\/wp-content\\\/uploads\\\/2021\\\/11\\\/PHOTO-2021-10-31-23-34-26.jpg&quot;}],&quot;background_slideshow_loop&quot;:&quot;yes&quot;,&quot;background_slideshow_slide_duration&quot;:5000,&quot;background_slideshow_slide_transition&quot;:&quot;fade&quot;,&quot;background_slideshow_transition_duration&quot;:500}\">\n\t\t\t\t\t\t\t<div class=\"elementor-background-overlay\"><\/div>\n\t\t\t\t\t\t\t<div class=\"elementor-container elementor-column-gap-no\">\n\t\t\t\t\t<div class=\"elementor-column elementor-col-66 elementor-top-column elementor-element elementor-element-90fed72\" data-id=\"90fed72\" data-element_type=\"column\" data-e-type=\"column\" data-settings=\"{&quot;background_background&quot;:&quot;classic&quot;}\">\n\t\t\t<div class=\"elementor-widget-wrap elementor-element-populated\">\n\t\t\t\t\t\t<section class=\"elementor-section elementor-inner-section elementor-element elementor-element-3e2a864d elementor-section-boxed elementor-section-height-default elementor-section-height-default\" data-id=\"3e2a864d\" data-element_type=\"section\" data-e-type=\"section\">\n\t\t\t\t\t\t<div class=\"elementor-container elementor-column-gap-default\">\n\t\t\t\t\t<div class=\"elementor-column elementor-col-100 elementor-inner-column elementor-element elementor-element-3a8ff137\" data-id=\"3a8ff137\" data-element_type=\"column\" data-e-type=\"column\">\n\t\t\t<div class=\"elementor-widget-wrap elementor-element-populated\">\n\t\t\t\t\t\t<div class=\"elementor-element elementor-element-60bda8e3 elementor-widget elementor-widget-heading\" data-id=\"60bda8e3\" data-element_type=\"widget\" data-e-type=\"widget\" data-widget_type=\"heading.default\">\n\t\t\t\t<div class=\"elementor-widget-container\">\n\t\t\t\t\t<h3 class=\"elementor-heading-title elementor-size-default\">be\u0131ng \u0131nst\u0131tute<\/h3>\t\t\t\t<\/div>\n\t\t\t\t<\/div>\n\t\t\t\t<div class=\"elementor-element elementor-element-64e4076b elementor-widget elementor-widget-heading\" data-id=\"64e4076b\" data-element_type=\"widget\" data-e-type=\"widget\" data-widget_type=\"heading.default\">\n\t\t\t\t<div class=\"elementor-widget-container\">\n\t\t\t\t\t<h1 class=\"elementor-heading-title elementor-size-small\">hakk\u0131m\u0131zda<\/h1>\t\t\t\t<\/div>\n\t\t\t\t<\/div>\n\t\t\t\t<div class=\"elementor-element elementor-element-7c3eb17a elementor-widget elementor-widget-spacer\" data-id=\"7c3eb17a\" data-element_type=\"widget\" data-e-type=\"widget\" data-widget_type=\"spacer.default\">\n\t\t\t\t<div class=\"elementor-widget-container\">\n\t\t\t\t\t\t\t<div class=\"elementor-spacer\">\n\t\t\t<div class=\"elementor-spacer-inner\"><\/div>\n\t\t<\/div>\n\t\t\t\t\t\t<\/div>\n\t\t\t\t<\/div>\n\t\t\t\t<div class=\"elementor-element elementor-element-11301fd elementor-widget elementor-widget-text-editor\" data-id=\"11301fd\" data-element_type=\"widget\" data-e-type=\"widget\" data-widget_type=\"text-editor.default\">\n\t\t\t\t<div class=\"elementor-widget-container\">\n\t\t\t\t\t\t\t\t\t<div><p><strong>Being Institute,<\/strong><\/p><\/div><div><p><strong>Sonsuz olas\u0131l\u0131klara, geli\u015fime ve d\u00f6n\u00fc\u015f\u00fcme inan\u0131r. Bunlar\u0131 ger\u00e7ekle\u015ftirmek i\u00e7in ki\u015filere ve kurumlara destekleyici dan\u0131\u015fmanl\u0131klar y\u00fcr\u00fct\u00fcr, e\u011fitimler verir.<\/strong><\/p><\/div><div><p><strong>\u0130leti\u015fim alan\u0131nda 20 y\u0131ll\u0131k akademik ve sekt\u00f6rel deneyimin, ki\u015fisel geli\u015fim alan\u0131nda ise uzun y\u0131llara dayal\u0131 \u00f6zel e\u011fitimlerin ve uygulamalar\u0131n sonucunda, daha fazla insana katk\u0131 sa\u011flamak hedefiyle 2021 y\u0131l\u0131nda yolculu\u011funa ba\u015flam\u0131\u015ft\u0131r. Dan\u0131\u015fmanl\u0131k ve e\u011fitim hizmetleri t\u00fcm bu bilgi ve deneyimin sentezlenmesi sonucu \u00f6zg\u00fcn i\u00e7eriklerle olu\u015fturulmu\u015ftur.<\/strong><\/p><\/div><div><p><strong>E\u011fitmen ve Dan\u0131\u015fmanlar<\/strong><\/p><\/div><div><p><strong>Prof.Dr.Duygu Ayd\u0131n<\/strong><\/p><\/div><div><p><strong>\u0130leti\u015fim profes\u00f6r\u00fcd\u00fcr. Akademik olarak pazarlama ileti\u015fimi ve t\u00fcketim ekseninde insan davran\u0131\u015flar\u0131n\u0131 inceleyen ara\u015ft\u0131rmalar ve dersler y\u00fcr\u00fctmektedir. Bu alanda uluslararas\u0131 ve ulusal eserleri bulunmaktad\u0131r. \u00c7e\u015fitli kurumlarda e\u011fitimler vermekte ve sekt\u00f6rle i\u015f birli\u011fine dayal\u0131 uygulama projelerini s\u00fcrd\u00fcrmektedir. Being Institute ile birlikte ileti\u015fim, ki\u015fisel geli\u015fim ve kurumsal ileti\u015fim alanlar\u0131nda dan\u0131\u015fmanl\u0131k ve e\u011fitmenlikleri kapsayan yeni bir yolculu\u011fa \u00e7\u0131km\u0131\u015ft\u0131r.<\/strong><\/p><\/div>\t\t\t\t\t\t\t\t<\/div>\n\t\t\t\t<\/div>\n\t\t\t\t\t<\/div>\n\t\t<\/div>\n\t\t\t\t\t<\/div>\n\t\t<\/section>\n\t\t\t\t<div class=\"elementor-element elementor-element-7ce6a29f elementor-align-right elementor-tablet-align-center elementor-mobile-align-justify elementor-widget elementor-widget-button\" data-id=\"7ce6a29f\" data-element_type=\"widget\" data-e-type=\"widget\" data-widget_type=\"button.default\">\n\t\t\t\t<div class=\"elementor-widget-container\">\n\t\t\t\t\t\t\t\t\t<div class=\"elementor-button-wrapper\">\n\t\t\t\t\t<a class=\"elementor-button elementor-button-link elementor-size-sm elementor-animation-float\" href=\"https:\/\/beinginstitute.com.tr\/index.php\/being\/\">\n\t\t\t\t\t\t<span class=\"elementor-button-content-wrapper\">\n\t\t\t\t\t\t<span class=\"elementor-button-icon\">\n\t\t\t\t<i aria-hidden=\"true\" class=\"fas fa-angle-right\"><\/i>\t\t\t<\/span>\n\t\t\t\t\t\t\t\t\t<span class=\"elementor-button-text\">BEING INSTITUTE'E T\u0131kla<\/span>\n\t\t\t\t\t<\/span>\n\t\t\t\t\t<\/a>\n\t\t\t\t<\/div>\n\t\t\t\t\t\t\t\t<\/div>\n\t\t\t\t<\/div>\n\t\t\t\t\t<\/div>\n\t\t<\/div>\n\t\t\t\t<div class=\"elementor-column elementor-col-33 elementor-top-column elementor-element elementor-element-527bd93d\" data-id=\"527bd93d\" data-element_type=\"column\" data-e-type=\"column\" data-settings=\"{&quot;background_background&quot;:&quot;classic&quot;}\">\n\t\t\t<div class=\"elementor-widget-wrap elementor-element-populated\">\n\t\t\t\t\t<div class=\"elementor-background-overlay\"><\/div>\n\t\t\t\t\t\t\t<\/div>\n\t\t<\/div>\n\t\t\t\t\t<\/div>\n\t\t<\/section>\n\t\t\t\t<\/div>\n\t\t","protected":false},"excerpt":{"rendered":"<p>be\u0131ng \u0131nst\u0131tute hakk\u0131m\u0131zda Being Institute, Sonsuz olas\u0131l\u0131klara, geli\u015fime ve d\u00f6n\u00fc\u015f\u00fcme inan\u0131r. Bunlar\u0131 ger\u00e7ekle\u015ftirmek i\u00e7in ki\u015filere ve kurumlara destekleyici dan\u0131\u015fmanl\u0131klar y\u00fcr\u00fct\u00fcr, e\u011fitimler verir. \u0130leti\u015fim alan\u0131nda 20 y\u0131ll\u0131k akademik ve sekt\u00f6rel deneyimin, ki\u015fisel geli\u015fim alan\u0131nda ise uzun y\u0131llara dayal\u0131 \u00f6zel e\u011fitimlerin ve uygulamalar\u0131n sonucunda, daha fazla insana katk\u0131 sa\u011flamak hedefiyle 2021 y\u0131l\u0131nda yolculu\u011funa ba\u015flam\u0131\u015ft\u0131r. Dan\u0131\u015fmanl\u0131k ve e\u011fitim &hellip; <\/p>\n<p class=\"link-more\"><a href=\"https:\/\/beinginstitute.com.tr\/index.php\/being-institute\/\" class=\"more-link\">Read more<span class=\"screen-reader-text\"> &#8220;Hakk\u0131m\u0131zda&#8221;<\/span><\/a><\/p>\n","protected":false},"author":1,"featured_media":0,"parent":0,"menu_order":0,"comment_status":"closed","ping_status":"closed","template":"elementor_header_footer","meta":{"_monsterinsights_skip_tracking":false,"_monsterinsights_sitenote_active":false,"_monsterinsights_sitenote_note":"","_monsterinsights_sitenote_category":0,"_inspiro_hide_title":false,"footnotes":""},"class_list":["post-115","page","type-page","status-publish","hentry"],"aioseo_notices":[],"_links":{"self":[{"href":"https:\/\/beinginstitute.com.tr\/index.php\/wp-json\/wp\/v2\/pages\/115","targetHints":{"allow":["GET"]}}],"collection":[{"href":"https:\/\/beinginstitute.com.tr\/index.php\/wp-json\/wp\/v2\/pages"}],"about":[{"href":"https:\/\/beinginstitute.com.tr\/index.php\/wp-json\/wp\/v2\/types\/page"}],"author":[{"embeddable":true,"href":"https:\/\/beinginstitute.com.tr\/index.php\/wp-json\/wp\/v2\/users\/1"}],"replies":[{"embeddable":true,"href":"https:\/\/beinginstitute.com.tr\/index.php\/wp-json\/wp\/v2\/comments?post=115"}],"version-history":[{"count":16,"href":"https:\/\/beinginstitute.com.tr\/index.php\/wp-json\/wp\/v2\/pages\/115\/revisions"}],"predecessor-version":[{"id":1300,"href":"https:\/\/beinginstitute.com.tr\/index.php\/wp-json\/wp\/v2\/pages\/115\/revisions\/1300"}],"wp:attachment":[{"href":"https:\/\/beinginstitute.com.tr\/index.php\/wp-json\/wp\/v2\/media?parent=115"}],"curies":[{"name":"wp","href":"https:\/\/api.w.org\/{rel}","templated":true}]}}