{"id":321,"date":"2021-11-30T19:43:38","date_gmt":"2021-11-30T19:43:38","guid":{"rendered":"http:\/\/beinginstitute.com.tr\/?page_id=321"},"modified":"2023-10-04T14:16:15","modified_gmt":"2023-10-04T11:16:15","slug":"bireysel-danismanlik","status":"publish","type":"page","link":"https:\/\/beinginstitute.com.tr\/index.php\/bireysel-danismanlik\/","title":{"rendered":"Ki\u015fisel Dan\u0131\u015fmanl\u0131k"},"content":{"rendered":"\t\t<div data-elementor-type=\"wp-page\" data-elementor-id=\"321\" class=\"elementor elementor-321\">\n\t\t\t\t\t\t<section class=\"elementor-section elementor-top-section elementor-element elementor-element-c48c784 elementor-section-height-min-height elementor-section-boxed elementor-section-height-default elementor-section-items-middle\" data-id=\"c48c784\" data-element_type=\"section\" data-e-type=\"section\" data-settings=\"{&quot;background_background&quot;:&quot;classic&quot;}\">\n\t\t\t\t\t\t\t<div class=\"elementor-background-overlay\"><\/div>\n\t\t\t\t\t\t\t<div class=\"elementor-container elementor-column-gap-no\">\n\t\t\t\t\t<div class=\"elementor-column elementor-col-100 elementor-top-column elementor-element elementor-element-36751e59\" data-id=\"36751e59\" data-element_type=\"column\" data-e-type=\"column\" data-settings=\"{&quot;background_background&quot;:&quot;classic&quot;}\">\n\t\t\t<div class=\"elementor-widget-wrap elementor-element-populated\">\n\t\t\t\t\t\t<div class=\"elementor-element elementor-element-3abb1232 elementor-widget elementor-widget-heading\" data-id=\"3abb1232\" data-element_type=\"widget\" data-e-type=\"widget\" data-widget_type=\"heading.default\">\n\t\t\t\t<div class=\"elementor-widget-container\">\n\t\t\t\t\t<h1 class=\"elementor-heading-title elementor-size-default\">k\u0130\u015f\u0130sel Dan\u0131\u015fmanl\u0131k<\/h1>\t\t\t\t<\/div>\n\t\t\t\t<\/div>\n\t\t\t\t<div class=\"elementor-element elementor-element-7cfa9ae elementor-align-center elementor-widget__width-auto elementor-widget elementor-widget-button\" data-id=\"7cfa9ae\" data-element_type=\"widget\" data-e-type=\"widget\" data-widget_type=\"button.default\">\n\t\t\t\t<div class=\"elementor-widget-container\">\n\t\t\t\t\t\t\t\t\t<div class=\"elementor-button-wrapper\">\n\t\t\t\t\t<a class=\"elementor-button elementor-button-link elementor-size-sm\" href=\"#\">\n\t\t\t\t\t\t<span class=\"elementor-button-content-wrapper\">\n\t\t\t\t\t\t<span class=\"elementor-button-icon\">\n\t\t\t\t\t\t\t\t\t<i class=\"fa fa-angle-right\" aria-hidden=\"true\"><\/i>\n\t\t\t\t\t\t\t<\/span>\n\t\t\t\t\t\t\t\t\t<span class=\"elementor-button-text\">Home<\/span>\n\t\t\t\t\t<\/span>\n\t\t\t\t\t<\/a>\n\t\t\t\t<\/div>\n\t\t\t\t\t\t\t\t<\/div>\n\t\t\t\t<\/div>\n\t\t\t\t<div class=\"elementor-element elementor-element-6c4150c8 elementor-align-center elementor-widget__width-auto elementor-widget elementor-widget-button\" data-id=\"6c4150c8\" data-element_type=\"widget\" data-e-type=\"widget\" data-widget_type=\"button.default\">\n\t\t\t\t<div class=\"elementor-widget-container\">\n\t\t\t\t\t\t\t\t\t<div class=\"elementor-button-wrapper\">\n\t\t\t\t\t<a class=\"elementor-button elementor-button-link elementor-size-sm\" href=\"#\">\n\t\t\t\t\t\t<span class=\"elementor-button-content-wrapper\">\n\t\t\t\t\t\t\t\t\t<span class=\"elementor-button-text\">k\u0130\u015f\u0130sel Dan\u0131\u015fmanl\u0131k<\/span>\n\t\t\t\t\t<\/span>\n\t\t\t\t\t<\/a>\n\t\t\t\t<\/div>\n\t\t\t\t\t\t\t\t<\/div>\n\t\t\t\t<\/div>\n\t\t\t\t\t<\/div>\n\t\t<\/div>\n\t\t\t\t\t<\/div>\n\t\t<\/section>\n\t\t\t\t<section class=\"elementor-section elementor-top-section elementor-element elementor-element-5447827b elementor-section-boxed elementor-section-height-default elementor-section-height-default\" data-id=\"5447827b\" data-element_type=\"section\" data-e-type=\"section\" data-settings=\"{&quot;background_background&quot;:&quot;classic&quot;}\">\n\t\t\t\t\t\t<div class=\"elementor-container elementor-column-gap-default\">\n\t\t\t\t\t<div class=\"elementor-column elementor-col-50 elementor-top-column elementor-element elementor-element-68454da6\" data-id=\"68454da6\" data-element_type=\"column\" data-e-type=\"column\" data-settings=\"{&quot;background_background&quot;:&quot;classic&quot;}\">\n\t\t\t<div class=\"elementor-widget-wrap elementor-element-populated\">\n\t\t\t\t\t\t<section class=\"elementor-section elementor-inner-section elementor-element elementor-element-29086497 elementor-section-boxed elementor-section-height-default elementor-section-height-default\" data-id=\"29086497\" data-element_type=\"section\" data-e-type=\"section\" data-settings=\"{&quot;background_background&quot;:&quot;classic&quot;}\">\n\t\t\t\t\t\t<div class=\"elementor-container elementor-column-gap-default\">\n\t\t\t\t\t<div class=\"elementor-column elementor-col-100 elementor-inner-column elementor-element elementor-element-71065b75\" data-id=\"71065b75\" data-element_type=\"column\" data-e-type=\"column\">\n\t\t\t<div class=\"elementor-widget-wrap elementor-element-populated\">\n\t\t\t\t\t\t<div class=\"elementor-element elementor-element-6ec47239 elementor-widget elementor-widget-text-editor\" data-id=\"6ec47239\" data-element_type=\"widget\" data-e-type=\"widget\" data-widget_type=\"text-editor.default\">\n\t\t\t\t<div class=\"elementor-widget-container\">\n\t\t\t\t\t\t\t\t\t<p><strong>Kendimizin daha iyi halini ortaya \u00e7\u0131karmak i\u00e7in elimizdeki en g\u00fc\u00e7l\u00fc y\u00f6ntem fark\u0131ndal\u0131k olu\u015fturmakt\u0131r. Her fark edi\u015f ki\u015fisel geli\u015fime ivme kazand\u0131r\u0131r. Ki\u015fisel geli\u015fim, ya\u015fam boyu \u00f6\u011frenmeyi, kendinin daha iyisi olman\u0131n pe\u015finden ko\u015fmay\u0131 ve fark\u0131ndal\u0131kl\u0131 ya\u015fayabilmeyi ifade eder. Ad\u0131 \u00fcst\u00fcnde ki\u015finin kendi geli\u015fimine yapt\u0131\u011f\u0131 yat\u0131r\u0131md\u0131r. Being Institute, ya\u015fam boyu \u00f6\u011frenme prensibiyle ki\u015fisel dan\u0131\u015fmanl\u0131k s\u00fcrecini y\u00fcr\u00fct\u00fcr. Ki\u015fisel geli\u015fim odakl\u0131 analizler, bilin\u00e7li fark\u0131ndal\u0131k ve ko\u00e7luk gibi bir\u00e7ok sistemi i\u00e7eren \u00f6zg\u00fcn bir dan\u0131\u015fmanl\u0131k modeli olu\u015fturmu\u015ftur. Daha iyi y\u00f6nde d\u00f6n\u00fc\u015f\u00fcm\u00fcn\u00fc hedefleyen bu anlaml\u0131 yolculukta, sentezleyici ve \u00e7\u00f6z\u00fcm odakl\u0131 bak\u0131\u015f a\u00e7\u0131s\u0131yla geli\u015fimini destekler, en iyi olas\u0131l\u0131klar\u0131n\u0131 ortaya \u00e7\u0131kar\u0131r.<\/strong><\/p>\t\t\t\t\t\t\t\t<\/div>\n\t\t\t\t<\/div>\n\t\t\t\t\t<\/div>\n\t\t<\/div>\n\t\t\t\t\t<\/div>\n\t\t<\/section>\n\t\t\t\t<div class=\"elementor-element elementor-element-6ce3496e elementor-align-center elementor-widget__width-auto elementor-widget elementor-widget-button\" data-id=\"6ce3496e\" data-element_type=\"widget\" data-e-type=\"widget\" data-widget_type=\"button.default\">\n\t\t\t\t<div class=\"elementor-widget-container\">\n\t\t\t\t\t\t\t\t\t<div class=\"elementor-button-wrapper\">\n\t\t\t\t\t<a class=\"elementor-button elementor-button-link elementor-size-sm\" href=\"#\">\n\t\t\t\t\t\t<span class=\"elementor-button-content-wrapper\">\n\t\t\t\t\t\t\t\t\t<span class=\"elementor-button-text\">FAQ<\/span>\n\t\t\t\t\t<\/span>\n\t\t\t\t\t<\/a>\n\t\t\t\t<\/div>\n\t\t\t\t\t\t\t\t<\/div>\n\t\t\t\t<\/div>\n\t\t\t\t\t<\/div>\n\t\t<\/div>\n\t\t\t\t<div class=\"elementor-column elementor-col-50 elementor-top-column elementor-element elementor-element-1b7c423f\" data-id=\"1b7c423f\" data-element_type=\"column\" data-e-type=\"column\">\n\t\t\t<div class=\"elementor-widget-wrap elementor-element-populated\">\n\t\t\t\t\t\t<section class=\"elementor-section elementor-inner-section elementor-element elementor-element-54369649 elementor-section-boxed elementor-section-height-default elementor-section-height-default\" data-id=\"54369649\" data-element_type=\"section\" data-e-type=\"section\">\n\t\t\t\t\t\t<div class=\"elementor-container elementor-column-gap-wide\">\n\t\t\t\t\t<div class=\"elementor-column elementor-col-50 elementor-inner-column elementor-element elementor-element-6769cfb9\" data-id=\"6769cfb9\" data-element_type=\"column\" data-e-type=\"column\">\n\t\t\t<div class=\"elementor-widget-wrap elementor-element-populated\">\n\t\t\t\t\t\t<div class=\"elementor-element elementor-element-590fd4b3 elementor-invisible elementor-widget elementor-widget-image\" data-id=\"590fd4b3\" data-element_type=\"widget\" data-e-type=\"widget\" data-settings=\"{&quot;_animation&quot;:&quot;fadeInUp&quot;}\" data-widget_type=\"image.default\">\n\t\t\t\t<div class=\"elementor-widget-container\">\n\t\t\t\t\t\t\t\t\t\t\t\t\t\t\t<img fetchpriority=\"high\" decoding=\"async\" width=\"2000\" height=\"1617\" src=\"https:\/\/beinginstitute.com.tr\/wp-content\/uploads\/2021\/12\/zen-stones.jpg\" class=\"attachment-full size-full wp-image-712\" alt=\"Zen stones\" srcset=\"https:\/\/beinginstitute.com.tr\/wp-content\/uploads\/2021\/12\/zen-stones.jpg 2000w, https:\/\/beinginstitute.com.tr\/wp-content\/uploads\/2021\/12\/zen-stones-300x243.jpg 300w, https:\/\/beinginstitute.com.tr\/wp-content\/uploads\/2021\/12\/zen-stones-1024x828.jpg 1024w, https:\/\/beinginstitute.com.tr\/wp-content\/uploads\/2021\/12\/zen-stones-768x621.jpg 768w, https:\/\/beinginstitute.com.tr\/wp-content\/uploads\/2021\/12\/zen-stones-1536x1242.jpg 1536w\" sizes=\"100vw\" \/>\t\t\t\t\t\t\t\t\t\t\t\t\t\t\t<\/div>\n\t\t\t\t<\/div>\n\t\t\t\t\t<\/div>\n\t\t<\/div>\n\t\t\t\t<div class=\"elementor-column elementor-col-50 elementor-inner-column elementor-element elementor-element-6e75af9f\" data-id=\"6e75af9f\" data-element_type=\"column\" data-e-type=\"column\">\n\t\t\t<div class=\"elementor-widget-wrap elementor-element-populated\">\n\t\t\t\t\t\t<div class=\"elementor-element elementor-element-a6d07e7 elementor-invisible elementor-widget elementor-widget-image\" data-id=\"a6d07e7\" data-element_type=\"widget\" data-e-type=\"widget\" data-settings=\"{&quot;_animation&quot;:&quot;fadeInDown&quot;}\" data-widget_type=\"image.default\">\n\t\t\t\t<div class=\"elementor-widget-container\">\n\t\t\t\t\t\t\t\t\t\t\t\t\t\t\t<img decoding=\"async\" src=\"https:\/\/beinginstitute.com.tr\/wp-content\/uploads\/2021\/12\/copy-space.jpg\" title=\"copy space\" alt=\"copy space\" loading=\"lazy\" \/>\t\t\t\t\t\t\t\t\t\t\t\t\t\t\t<\/div>\n\t\t\t\t<\/div>\n\t\t\t\t\t<\/div>\n\t\t<\/div>\n\t\t\t\t\t<\/div>\n\t\t<\/section>\n\t\t\t\t\t<\/div>\n\t\t<\/div>\n\t\t\t\t\t<\/div>\n\t\t<\/section>\n\t\t\t\t<section class=\"elementor-section elementor-top-section elementor-element elementor-element-62965020 elementor-section-boxed elementor-section-height-default elementor-section-height-default\" data-id=\"62965020\" data-element_type=\"section\" data-e-type=\"section\" data-settings=\"{&quot;background_background&quot;:&quot;classic&quot;}\">\n\t\t\t\t\t\t\t<div class=\"elementor-background-overlay\"><\/div>\n\t\t\t\t\t\t\t<div class=\"elementor-container elementor-column-gap-default\">\n\t\t\t\t\t<div class=\"elementor-column elementor-col-100 elementor-top-column elementor-element elementor-element-4537ff5e\" data-id=\"4537ff5e\" data-element_type=\"column\" data-e-type=\"column\">\n\t\t\t<div class=\"elementor-widget-wrap elementor-element-populated\">\n\t\t\t\t\t\t<section class=\"elementor-section elementor-inner-section elementor-element elementor-element-3184218d elementor-section-boxed elementor-section-height-default elementor-section-height-default\" data-id=\"3184218d\" data-element_type=\"section\" data-e-type=\"section\" data-settings=\"{&quot;background_background&quot;:&quot;classic&quot;}\">\n\t\t\t\t\t\t<div class=\"elementor-container elementor-column-gap-wider\">\n\t\t\t\t\t<div class=\"elementor-column elementor-col-100 elementor-inner-column elementor-element elementor-element-54685676\" data-id=\"54685676\" data-element_type=\"column\" data-e-type=\"column\">\n\t\t\t<div class=\"elementor-widget-wrap elementor-element-populated\">\n\t\t\t\t\t\t<div class=\"elementor-element elementor-element-685822bf elementor-widget elementor-widget-heading\" data-id=\"685822bf\" data-element_type=\"widget\" data-e-type=\"widget\" data-widget_type=\"heading.default\">\n\t\t\t\t<div class=\"elementor-widget-container\">\n\t\t\t\t\t<h2 class=\"elementor-heading-title elementor-size-default\">D\u00f6n\u00fc\u015f\u00fcme Haz\u0131rsan \u00d6nce Seni Tan\u0131yal\u0131m<\/h2>\t\t\t\t<\/div>\n\t\t\t\t<\/div>\n\t\t\t\t<div class=\"elementor-element elementor-element-f780552 elementor-align-justify elementor-widget elementor-widget-button\" data-id=\"f780552\" data-element_type=\"widget\" data-e-type=\"widget\" data-widget_type=\"button.default\">\n\t\t\t\t<div class=\"elementor-widget-container\">\n\t\t\t\t\t\t\t\t\t<div class=\"elementor-button-wrapper\">\n\t\t\t\t\t<a class=\"elementor-button elementor-button-link elementor-size-sm\" href=\"https:\/\/beinginstitute.com.tr\/index.php\/being\/\">\n\t\t\t\t\t\t<span class=\"elementor-button-content-wrapper\">\n\t\t\t\t\t\t\t\t\t<span class=\"elementor-button-text\">D\u00d6N\u00dc\u015e\u00dcME  TIKLA<\/span>\n\t\t\t\t\t<\/span>\n\t\t\t\t\t<\/a>\n\t\t\t\t<\/div>\n\t\t\t\t\t\t\t\t<\/div>\n\t\t\t\t<\/div>\n\t\t\t\t\t<\/div>\n\t\t<\/div>\n\t\t\t\t\t<\/div>\n\t\t<\/section>\n\t\t\t\t\t<\/div>\n\t\t<\/div>\n\t\t\t\t\t<\/div>\n\t\t<\/section>\n\t\t\t\t<\/div>\n\t\t","protected":false},"excerpt":{"rendered":"<p>k\u0130\u015f\u0130sel Dan\u0131\u015fmanl\u0131k Home k\u0130\u015f\u0130sel Dan\u0131\u015fmanl\u0131k Kendimizin daha iyi halini ortaya \u00e7\u0131karmak i\u00e7in elimizdeki en g\u00fc\u00e7l\u00fc y\u00f6ntem fark\u0131ndal\u0131k olu\u015fturmakt\u0131r. Her fark edi\u015f ki\u015fisel geli\u015fime ivme kazand\u0131r\u0131r. Ki\u015fisel geli\u015fim, ya\u015fam boyu \u00f6\u011frenmeyi, kendinin daha iyisi olman\u0131n pe\u015finden ko\u015fmay\u0131 ve fark\u0131ndal\u0131kl\u0131 ya\u015fayabilmeyi ifade eder. Ad\u0131 \u00fcst\u00fcnde ki\u015finin kendi geli\u015fimine yapt\u0131\u011f\u0131 yat\u0131r\u0131md\u0131r. Being Institute, ya\u015fam boyu \u00f6\u011frenme prensibiyle ki\u015fisel &hellip; <\/p>\n<p class=\"link-more\"><a href=\"https:\/\/beinginstitute.com.tr\/index.php\/bireysel-danismanlik\/\" class=\"more-link\">Read more<span class=\"screen-reader-text\"> &#8220;Ki\u015fisel Dan\u0131\u015fmanl\u0131k&#8221;<\/span><\/a><\/p>\n","protected":false},"author":1,"featured_media":0,"parent":0,"menu_order":0,"comment_status":"closed","ping_status":"closed","template":"elementor_header_footer","meta":{"_monsterinsights_skip_tracking":false,"_monsterinsights_sitenote_active":false,"_monsterinsights_sitenote_note":"","_monsterinsights_sitenote_category":0,"_inspiro_hide_title":false,"footnotes":""},"class_list":["post-321","page","type-page","status-publish","hentry"],"aioseo_notices":[],"_links":{"self":[{"href":"https:\/\/beinginstitute.com.tr\/index.php\/wp-json\/wp\/v2\/pages\/321","targetHints":{"allow":["GET"]}}],"collection":[{"href":"https:\/\/beinginstitute.com.tr\/index.php\/wp-json\/wp\/v2\/pages"}],"about":[{"href":"https:\/\/beinginstitute.com.tr\/index.php\/wp-json\/wp\/v2\/types\/page"}],"author":[{"embeddable":true,"href":"https:\/\/beinginstitute.com.tr\/index.php\/wp-json\/wp\/v2\/users\/1"}],"replies":[{"embeddable":true,"href":"https:\/\/beinginstitute.com.tr\/index.php\/wp-json\/wp\/v2\/comments?post=321"}],"version-history":[{"count":35,"href":"https:\/\/beinginstitute.com.tr\/index.php\/wp-json\/wp\/v2\/pages\/321\/revisions"}],"predecessor-version":[{"id":1303,"href":"https:\/\/beinginstitute.com.tr\/index.php\/wp-json\/wp\/v2\/pages\/321\/revisions\/1303"}],"wp:attachment":[{"href":"https:\/\/beinginstitute.com.tr\/index.php\/wp-json\/wp\/v2\/media?parent=321"}],"curies":[{"name":"wp","href":"https:\/\/api.w.org\/{rel}","templated":true}]}}