{"id":75,"date":"2021-11-29T20:14:56","date_gmt":"2021-11-29T20:14:56","guid":{"rendered":"http:\/\/beinginstitute.com.tr\/?page_id=75"},"modified":"2022-02-28T10:39:43","modified_gmt":"2022-02-28T07:39:43","slug":"elementor-75","status":"publish","type":"page","link":"https:\/\/beinginstitute.com.tr\/","title":{"rendered":"Being Institute"},"content":{"rendered":"\t\t<div data-elementor-type=\"wp-page\" data-elementor-id=\"75\" class=\"elementor elementor-75\">\n\t\t\t\t\t\t<section class=\"elementor-section elementor-top-section elementor-element elementor-element-61c5233e elementor-section-boxed elementor-section-height-default elementor-section-height-default\" data-id=\"61c5233e\" data-element_type=\"section\" data-e-type=\"section\" data-settings=\"{&quot;background_background&quot;:&quot;classic&quot;}\">\n\t\t\t\t\t\t\t<div class=\"elementor-background-overlay\"><\/div>\n\t\t\t\t\t\t\t<div class=\"elementor-container elementor-column-gap-default\">\n\t\t\t\t\t<div class=\"elementor-column elementor-col-100 elementor-top-column elementor-element elementor-element-60d2bbe4\" data-id=\"60d2bbe4\" data-element_type=\"column\" data-e-type=\"column\">\n\t\t\t<div class=\"elementor-widget-wrap elementor-element-populated\">\n\t\t\t\t\t<div class=\"elementor-background-overlay\"><\/div>\n\t\t\t\t\t\t<div class=\"elementor-element elementor-element-fcf5cb2 elementor-widget elementor-widget-spacer\" data-id=\"fcf5cb2\" data-element_type=\"widget\" data-e-type=\"widget\" data-widget_type=\"spacer.default\">\n\t\t\t\t<div class=\"elementor-widget-container\">\n\t\t\t\t\t\t\t<div class=\"elementor-spacer\">\n\t\t\t<div class=\"elementor-spacer-inner\"><\/div>\n\t\t<\/div>\n\t\t\t\t\t\t<\/div>\n\t\t\t\t<\/div>\n\t\t\t\t<section class=\"elementor-section elementor-inner-section elementor-element elementor-element-6a2b423b elementor-section-boxed elementor-section-height-default elementor-section-height-default\" data-id=\"6a2b423b\" data-element_type=\"section\" data-e-type=\"section\" data-settings=\"{&quot;background_background&quot;:&quot;classic&quot;}\">\n\t\t\t\t\t\t<div class=\"elementor-container elementor-column-gap-wider\">\n\t\t\t\t\t<div class=\"elementor-column elementor-col-33 elementor-inner-column elementor-element elementor-element-39b50300\" data-id=\"39b50300\" data-element_type=\"column\" data-e-type=\"column\">\n\t\t\t<div class=\"elementor-widget-wrap elementor-element-populated\">\n\t\t\t\t\t\t<div class=\"elementor-element elementor-element-1152c8c5 elementor-widget elementor-widget-heading\" data-id=\"1152c8c5\" data-element_type=\"widget\" data-e-type=\"widget\" data-widget_type=\"heading.default\">\n\t\t\t\t<div class=\"elementor-widget-container\">\n\t\t\t\t\t<h3 class=\"elementor-heading-title elementor-size-default\">1<\/h3>\t\t\t\t<\/div>\n\t\t\t\t<\/div>\n\t\t\t\t<div class=\"elementor-element elementor-element-703cb7d3 elementor-widget elementor-widget-heading\" data-id=\"703cb7d3\" data-element_type=\"widget\" data-e-type=\"widget\" data-widget_type=\"heading.default\">\n\t\t\t\t<div class=\"elementor-widget-container\">\n\t\t\t\t\t<h3 class=\"elementor-heading-title elementor-size-default\"><a href=\"https:\/\/beinginstitute.com.tr\/index.php\/bireysel-danismanlik\/\" target=\"_blank\">K\u0130\u015f\u0130sel Dan\u0131\u015fmanl\u0131k<\/a><\/h3>\t\t\t\t<\/div>\n\t\t\t\t<\/div>\n\t\t\t\t<div class=\"elementor-element elementor-element-7a19369f elementor-widget elementor-widget-text-editor\" data-id=\"7a19369f\" data-element_type=\"widget\" data-e-type=\"widget\" data-widget_type=\"text-editor.default\">\n\t\t\t\t<div class=\"elementor-widget-container\">\n\t\t\t\t\t\t\t\t\t<p><img fetchpriority=\"high\" decoding=\"async\" class=\"size-medium wp-image-734\" src=\"https:\/\/beinginstitute.com.tr\/wp-content\/uploads\/2021\/12\/7AA7DC77-9421-4881-A28C-1A97579E2D8E-300x200.jpeg\" alt=\"\" width=\"300\" height=\"200\" \/><\/p>\t\t\t\t\t\t\t\t<\/div>\n\t\t\t\t<\/div>\n\t\t\t\t\t<\/div>\n\t\t<\/div>\n\t\t\t\t<div class=\"elementor-column elementor-col-33 elementor-inner-column elementor-element elementor-element-7f0cc4ba\" data-id=\"7f0cc4ba\" data-element_type=\"column\" data-e-type=\"column\">\n\t\t\t<div class=\"elementor-widget-wrap elementor-element-populated\">\n\t\t\t\t\t\t<div class=\"elementor-element elementor-element-470ccad3 elementor-widget elementor-widget-heading\" data-id=\"470ccad3\" data-element_type=\"widget\" data-e-type=\"widget\" data-widget_type=\"heading.default\">\n\t\t\t\t<div class=\"elementor-widget-container\">\n\t\t\t\t\t<h3 class=\"elementor-heading-title elementor-size-default\">2<\/h3>\t\t\t\t<\/div>\n\t\t\t\t<\/div>\n\t\t\t\t<div class=\"elementor-element elementor-element-1bb4087b elementor-widget elementor-widget-heading\" data-id=\"1bb4087b\" data-element_type=\"widget\" data-e-type=\"widget\" data-widget_type=\"heading.default\">\n\t\t\t\t<div class=\"elementor-widget-container\">\n\t\t\t\t\t<h3 class=\"elementor-heading-title elementor-size-default\"><a href=\"https:\/\/beinginstitute.com.tr\/index.php\/kurumsal-danismanlik\/\" target=\"_blank\">Kurumsal dan\u0131\u015fmanl\u0131k<\/a><\/h3>\t\t\t\t<\/div>\n\t\t\t\t<\/div>\n\t\t\t\t<div class=\"elementor-element elementor-element-648eb818 elementor-widget elementor-widget-text-editor\" data-id=\"648eb818\" data-element_type=\"widget\" data-e-type=\"widget\" data-widget_type=\"text-editor.default\">\n\t\t\t\t<div class=\"elementor-widget-container\">\n\t\t\t\t\t\t\t\t\t<p><img decoding=\"async\" class=\"size-medium wp-image-728\" src=\"https:\/\/beinginstitute.com.tr\/wp-content\/uploads\/2021\/12\/BE6C7882-0079-43EA-AB96-AD8EDB9674BA-300x200.jpeg\" alt=\"\" width=\"300\" height=\"200\" \/><\/p>\t\t\t\t\t\t\t\t<\/div>\n\t\t\t\t<\/div>\n\t\t\t\t\t<\/div>\n\t\t<\/div>\n\t\t\t\t<div class=\"elementor-column elementor-col-33 elementor-inner-column elementor-element elementor-element-28a4be7\" data-id=\"28a4be7\" data-element_type=\"column\" data-e-type=\"column\">\n\t\t\t<div class=\"elementor-widget-wrap elementor-element-populated\">\n\t\t\t\t\t\t<div class=\"elementor-element elementor-element-16944014 elementor-widget elementor-widget-heading\" data-id=\"16944014\" data-element_type=\"widget\" data-e-type=\"widget\" data-widget_type=\"heading.default\">\n\t\t\t\t<div class=\"elementor-widget-container\">\n\t\t\t\t\t<h3 class=\"elementor-heading-title elementor-size-default\">3<\/h3>\t\t\t\t<\/div>\n\t\t\t\t<\/div>\n\t\t\t\t<div class=\"elementor-element elementor-element-1fc4e974 elementor-widget elementor-widget-heading\" data-id=\"1fc4e974\" data-element_type=\"widget\" data-e-type=\"widget\" data-widget_type=\"heading.default\">\n\t\t\t\t<div class=\"elementor-widget-container\">\n\t\t\t\t\t<h3 class=\"elementor-heading-title elementor-size-default\"><a href=\"https:\/\/beinginstitute.com.tr\/index.php\/egitimlerimiz\/\" target=\"_blank\">E\u011f\u0130t\u0130mler\u0130m\u0130z<\/a><\/h3>\t\t\t\t<\/div>\n\t\t\t\t<\/div>\n\t\t\t\t<div class=\"elementor-element elementor-element-7179e88f elementor-widget elementor-widget-text-editor\" data-id=\"7179e88f\" data-element_type=\"widget\" data-e-type=\"widget\" data-widget_type=\"text-editor.default\">\n\t\t\t\t<div class=\"elementor-widget-container\">\n\t\t\t\t\t\t\t\t\t<p><img decoding=\"async\" class=\"size-medium wp-image-733\" src=\"https:\/\/beinginstitute.com.tr\/wp-content\/uploads\/2021\/12\/3A113ECC-D6C1-4590-8339-7FD8DC98A07E-300x200.jpeg\" alt=\"\" width=\"300\" height=\"200\" \/><\/p>\t\t\t\t\t\t\t\t<\/div>\n\t\t\t\t<\/div>\n\t\t\t\t\t<\/div>\n\t\t<\/div>\n\t\t\t\t\t<\/div>\n\t\t<\/section>\n\t\t\t\t<div class=\"elementor-element elementor-element-4b0bda3b elementor-widget elementor-widget-heading\" data-id=\"4b0bda3b\" data-element_type=\"widget\" data-e-type=\"widget\" data-widget_type=\"heading.default\">\n\t\t\t\t<div class=\"elementor-widget-container\">\n\t\t\t\t\t<h3 class=\"elementor-heading-title elementor-size-default\">I'll show you how<\/h3>\t\t\t\t<\/div>\n\t\t\t\t<\/div>\n\t\t\t\t\t<\/div>\n\t\t<\/div>\n\t\t\t\t\t<\/div>\n\t\t<\/section>\n\t\t\t\t<section class=\"elementor-section elementor-top-section elementor-element elementor-element-7f6caf14 elementor-reverse-mobile elementor-section-boxed elementor-section-height-default elementor-section-height-default\" data-id=\"7f6caf14\" data-element_type=\"section\" data-e-type=\"section\" data-settings=\"{&quot;background_background&quot;:&quot;classic&quot;}\">\n\t\t\t\t\t\t\t<div class=\"elementor-background-overlay\"><\/div>\n\t\t\t\t\t\t\t<div class=\"elementor-container elementor-column-gap-default\">\n\t\t\t\t\t<div class=\"elementor-column elementor-col-50 elementor-top-column elementor-element elementor-element-1742fb9d\" data-id=\"1742fb9d\" data-element_type=\"column\" data-e-type=\"column\">\n\t\t\t<div class=\"elementor-widget-wrap elementor-element-populated\">\n\t\t\t\t\t\t<div class=\"elementor-element elementor-element-d537d57 elementor-widget elementor-widget-text-editor\" data-id=\"d537d57\" data-element_type=\"widget\" data-e-type=\"widget\" data-widget_type=\"text-editor.default\">\n\t\t\t\t<div class=\"elementor-widget-container\">\n\t\t\t\t\t\t\t\t\t<p>SONSUZ<\/p><p>Bu bir beyaz tav\u015fan\u0131 takip etme hikayesi. Hakikatini anlama ihtiyac\u0131 ve yolculu\u011fu. Bir merakla ba\u015flar, ger\u00e7ek bildiklerimizin s\u0131n\u0131rlar\u0131ndan \u00e7\u0131kar ve sonsuz olas\u0131l\u0131klar d\u00fcnyas\u0131na ad\u0131m atar\u0131z.\u00a0<\/p>\t\t\t\t\t\t\t\t<\/div>\n\t\t\t\t<\/div>\n\t\t\t\t<div class=\"elementor-element elementor-element-800e04f elementor-widget elementor-widget-text-editor\" data-id=\"800e04f\" data-element_type=\"widget\" data-e-type=\"widget\" data-widget_type=\"text-editor.default\">\n\t\t\t\t<div class=\"elementor-widget-container\">\n\t\t\t\t\t\t\t\t\t<p style=\"font-weight: 500;\">OLASILIKLARDA<\/p><p style=\"font-weight: 500;\">Ya\u015famda ve senin ya\u015fam\u0131nda mutlak, belirli, tek bir se\u00e7enek yerine alternatif potansiyeller mevcuttur.<\/p>\t\t\t\t\t\t\t\t<\/div>\n\t\t\t\t<\/div>\n\t\t\t\t<div class=\"elementor-element elementor-element-da5c8c4 elementor-widget elementor-widget-text-editor\" data-id=\"da5c8c4\" data-element_type=\"widget\" data-e-type=\"widget\" data-widget_type=\"text-editor.default\">\n\t\t\t\t<div class=\"elementor-widget-container\">\n\t\t\t\t\t\t\t\t\t<p>SEN<\/p><p>Sen olas\u0131l\u0131klar\u0131n\u0131 farketti\u011finde, zannetti\u011fin yok olur.\u0130ll\u00fczyon ortadan kalkar, d\u00f6n\u00fc\u015f\u00fcrs\u00fcn, olmak\u00a0istedi\u011fin\u00a0\u00a0olursun.<\/p>\t\t\t\t\t\t\t\t<\/div>\n\t\t\t\t<\/div>\n\t\t\t\t\t<\/div>\n\t\t<\/div>\n\t\t\t\t<div class=\"elementor-column elementor-col-50 elementor-top-column elementor-element elementor-element-785c1e0\" data-id=\"785c1e0\" data-element_type=\"column\" data-e-type=\"column\" data-settings=\"{&quot;background_background&quot;:&quot;classic&quot;}\">\n\t\t\t<div class=\"elementor-widget-wrap elementor-element-populated\">\n\t\t\t\t\t\t<div class=\"elementor-element elementor-element-46173a24 elementor-widget elementor-widget-video\" data-id=\"46173a24\" data-element_type=\"widget\" data-e-type=\"widget\" data-settings=\"{&quot;youtube_url&quot;:&quot;https:\\\/\\\/youtu.be\\\/DJIFjIafNSo&quot;,&quot;show_image_overlay&quot;:&quot;yes&quot;,&quot;image_overlay&quot;:{&quot;url&quot;:&quot;&quot;,&quot;id&quot;:&quot;&quot;,&quot;size&quot;:&quot;&quot;},&quot;start&quot;:0,&quot;end&quot;:700,&quot;autoplay&quot;:&quot;yes&quot;,&quot;play_on_mobile&quot;:&quot;yes&quot;,&quot;video_type&quot;:&quot;youtube&quot;,&quot;controls&quot;:&quot;yes&quot;}\" data-widget_type=\"video.default\">\n\t\t\t\t<div class=\"elementor-widget-container\">\n\t\t\t\t\t\t\t<div class=\"elementor-wrapper elementor-open-inline\">\n\t\t\t<div class=\"elementor-video\"><\/div>\t\t<\/div>\n\t\t\t\t\t\t<\/div>\n\t\t\t\t<\/div>\n\t\t\t\t\t<\/div>\n\t\t<\/div>\n\t\t\t\t\t<\/div>\n\t\t<\/section>\n\t\t\t\t<section class=\"elementor-section elementor-top-section elementor-element elementor-element-d3c8f79 elementor-section-boxed elementor-section-height-default elementor-section-height-default\" data-id=\"d3c8f79\" data-element_type=\"section\" data-e-type=\"section\" data-settings=\"{&quot;background_background&quot;:&quot;classic&quot;}\">\n\t\t\t\t\t\t\t<div class=\"elementor-background-overlay\"><\/div>\n\t\t\t\t\t\t\t<div class=\"elementor-container elementor-column-gap-default\">\n\t\t\t\t\t<div class=\"elementor-column elementor-col-100 elementor-top-column elementor-element elementor-element-3c250704\" data-id=\"3c250704\" data-element_type=\"column\" data-e-type=\"column\">\n\t\t\t<div class=\"elementor-widget-wrap elementor-element-populated\">\n\t\t\t\t\t<div class=\"elementor-background-overlay\"><\/div>\n\t\t\t\t\t\t<section class=\"elementor-section elementor-inner-section elementor-element elementor-element-77865107 elementor-section-boxed elementor-section-height-default elementor-section-height-default\" data-id=\"77865107\" data-element_type=\"section\" data-e-type=\"section\" data-settings=\"{&quot;background_background&quot;:&quot;classic&quot;}\">\n\t\t\t\t\t\t<div class=\"elementor-container elementor-column-gap-default\">\n\t\t\t\t\t<div class=\"elementor-column elementor-col-100 elementor-inner-column elementor-element elementor-element-7f20ac7c\" data-id=\"7f20ac7c\" data-element_type=\"column\" data-e-type=\"column\">\n\t\t\t<div class=\"elementor-widget-wrap elementor-element-populated\">\n\t\t\t\t\t\t<div class=\"elementor-element elementor-element-272969c7 elementor-widget elementor-widget-heading\" data-id=\"272969c7\" data-element_type=\"widget\" data-e-type=\"widget\" data-widget_type=\"heading.default\">\n\t\t\t\t<div class=\"elementor-widget-container\">\n\t\t\t\t\t<h2 class=\"elementor-heading-title elementor-size-small\">Being Institute \u00f6zg\u00fcn ki\u015fisel ve kurumsal geli\u015fim mod\u00fcllerini olu\u015fturmu\u015ftur. G\u00fc\u00e7l\u00fc bir e\u011fitim ge\u00e7mi\u015fi ve tecr\u00fcbeyle olu\u015fturulan bu mod\u00fcller standart de\u011fil, ihtiyaca y\u00f6nelik olarak ki\u015filere ya da kurumlara tasarlan\u0131r. Hedefimiz en iyi olas\u0131l\u0131klar\u0131 ortaya \u00e7\u0131karmakt\u0131r.<\/h2>\t\t\t\t<\/div>\n\t\t\t\t<\/div>\n\t\t\t\t<div class=\"elementor-element elementor-element-3624292d elementor-widget elementor-widget-spacer\" data-id=\"3624292d\" data-element_type=\"widget\" data-e-type=\"widget\" data-widget_type=\"spacer.default\">\n\t\t\t\t<div class=\"elementor-widget-container\">\n\t\t\t\t\t\t\t<div class=\"elementor-spacer\">\n\t\t\t<div class=\"elementor-spacer-inner\"><\/div>\n\t\t<\/div>\n\t\t\t\t\t\t<\/div>\n\t\t\t\t<\/div>\n\t\t\t\t\t<\/div>\n\t\t<\/div>\n\t\t\t\t\t<\/div>\n\t\t<\/section>\n\t\t\t\t<div class=\"elementor-element elementor-element-5f233a19 elementor-widget elementor-widget-heading\" data-id=\"5f233a19\" data-element_type=\"widget\" data-e-type=\"widget\" data-widget_type=\"heading.default\">\n\t\t\t\t<div class=\"elementor-widget-container\">\n\t\t\t\t\t<h3 class=\"elementor-heading-title elementor-size-default\">\u015f\u0130md\u0130 d\u00f6n\u00fc\u015f\u00fcm\u00fc ba\u015flat<\/h3>\t\t\t\t<\/div>\n\t\t\t\t<\/div>\n\t\t\t\t<div class=\"elementor-element elementor-element-10c4449d elementor-tablet-align-center elementor-align-center elementor-mobile-align-justify elementor-widget elementor-widget-button\" data-id=\"10c4449d\" data-element_type=\"widget\" data-e-type=\"widget\" data-widget_type=\"button.default\">\n\t\t\t\t<div class=\"elementor-widget-container\">\n\t\t\t\t\t\t\t\t\t<div class=\"elementor-button-wrapper\">\n\t\t\t\t\t<a class=\"elementor-button elementor-button-link elementor-size-sm elementor-animation-float\" href=\"https:\/\/beinginstitute.com.tr\/index.php\/being\/\">\n\t\t\t\t\t\t<span class=\"elementor-button-content-wrapper\">\n\t\t\t\t\t\t<span class=\"elementor-button-icon\">\n\t\t\t\t<i aria-hidden=\"true\" class=\"fas fa-angle-right\"><\/i>\t\t\t<\/span>\n\t\t\t\t\t\t\t\t\t<span class=\"elementor-button-text\">olas\u0131l\u0131klara t\u0131kla<\/span>\n\t\t\t\t\t<\/span>\n\t\t\t\t\t<\/a>\n\t\t\t\t<\/div>\n\t\t\t\t\t\t\t\t<\/div>\n\t\t\t\t<\/div>\n\t\t\t\t\t<\/div>\n\t\t<\/div>\n\t\t\t\t\t<\/div>\n\t\t<\/section>\n\t\t\t\t<\/div>\n\t\t","protected":false},"excerpt":{"rendered":"<p>1 K\u0130\u015f\u0130sel Dan\u0131\u015fmanl\u0131k 2 Kurumsal dan\u0131\u015fmanl\u0131k 3 E\u011f\u0130t\u0130mler\u0130m\u0130z I&#8217;ll show you how SONSUZ Bu bir beyaz tav\u015fan\u0131 takip etme hikayesi. Hakikatini anlama ihtiyac\u0131 ve yolculu\u011fu. Bir merakla ba\u015flar, ger\u00e7ek bildiklerimizin s\u0131n\u0131rlar\u0131ndan \u00e7\u0131kar ve sonsuz olas\u0131l\u0131klar d\u00fcnyas\u0131na ad\u0131m atar\u0131z.\u00a0 OLASILIKLARDA Ya\u015famda ve senin ya\u015fam\u0131nda mutlak, belirli, tek bir se\u00e7enek yerine alternatif potansiyeller mevcuttur. SEN Sen olas\u0131l\u0131klar\u0131n\u0131 &hellip; <\/p>\n<p class=\"link-more\"><a href=\"https:\/\/beinginstitute.com.tr\/\" class=\"more-link\">Read more<span class=\"screen-reader-text\"> &#8220;Being Institute&#8221;<\/span><\/a><\/p>\n","protected":false},"author":1,"featured_media":0,"parent":0,"menu_order":0,"comment_status":"closed","ping_status":"closed","template":"elementor_header_footer","meta":{"_monsterinsights_skip_tracking":false,"_monsterinsights_sitenote_active":false,"_monsterinsights_sitenote_note":"","_monsterinsights_sitenote_category":0,"_inspiro_hide_title":false,"footnotes":""},"class_list":["post-75","page","type-page","status-publish","hentry"],"aioseo_notices":[],"_links":{"self":[{"href":"https:\/\/beinginstitute.com.tr\/index.php\/wp-json\/wp\/v2\/pages\/75","targetHints":{"allow":["GET"]}}],"collection":[{"href":"https:\/\/beinginstitute.com.tr\/index.php\/wp-json\/wp\/v2\/pages"}],"about":[{"href":"https:\/\/beinginstitute.com.tr\/index.php\/wp-json\/wp\/v2\/types\/page"}],"author":[{"embeddable":true,"href":"https:\/\/beinginstitute.com.tr\/index.php\/wp-json\/wp\/v2\/users\/1"}],"replies":[{"embeddable":true,"href":"https:\/\/beinginstitute.com.tr\/index.php\/wp-json\/wp\/v2\/comments?post=75"}],"version-history":[{"count":7,"href":"https:\/\/beinginstitute.com.tr\/index.php\/wp-json\/wp\/v2\/pages\/75\/revisions"}],"predecessor-version":[{"id":1053,"href":"https:\/\/beinginstitute.com.tr\/index.php\/wp-json\/wp\/v2\/pages\/75\/revisions\/1053"}],"wp:attachment":[{"href":"https:\/\/beinginstitute.com.tr\/index.php\/wp-json\/wp\/v2\/media?parent=75"}],"curies":[{"name":"wp","href":"https:\/\/api.w.org\/{rel}","templated":true}]}}